{"id":4946,"date":"2021-03-25T11:12:45","date_gmt":"2021-03-25T11:12:45","guid":{"rendered":"https:\/\/leewayproductions.com\/?page_id=4946"},"modified":"2021-05-03T14:53:55","modified_gmt":"2021-05-03T14:53:55","slug":"opera-bites","status":"publish","type":"page","link":"https:\/\/leewayproductions.com\/cy\/opera-bites\/","title":{"rendered":"Opera Bites"},"content":{"rendered":"<div data-elementor-type=\"wp-page\" data-elementor-id=\"4946\" class=\"elementor elementor-4946\" data-elementor-settings=\"[]\">\n\t\t\t\t\t\t\t<div class=\"elementor-section-wrap\">\n\t\t\t\t\t\t\t<section class=\"elementor-section elementor-top-section elementor-element elementor-element-211c9488 elementor-section-boxed elementor-section-height-default elementor-section-height-default\" data-id=\"211c9488\" data-element_type=\"section\" data-settings=\"{&quot;background_background&quot;:&quot;classic&quot;,&quot;shape_divider_bottom&quot;:&quot;mountains&quot;}\">\n\t\t\t\t\t\t\t<div class=\"elementor-background-overlay\"><\/div>\n\t\t\t\t\t\t<div class=\"elementor-shape elementor-shape-bottom\" data-negative=\"false\">\n\t\t\t<svg xmlns=\"http:\/\/www.w3.org\/2000\/svg\" viewbox=\"0 0 1000 100\" preserveaspectratio=\"none\">\n\t<path class=\"elementor-shape-fill\" opacity=\"0.33\" d=\"M473,67.3c-203.9,88.3-263.1-34-320.3,0C66,119.1,0,59.7,0,59.7V0h1000v59.7 c0,0-62.1,26.1-94.9,29.3c-32.8,3.3-62.8-12.3-75.8-22.1C806,49.6,745.3,8.7,694.9,4.7S492.4,59,473,67.3z\"\/>\n\t<path class=\"elementor-shape-fill\" opacity=\"0.66\" d=\"M734,67.3c-45.5,0-77.2-23.2-129.1-39.1c-28.6-8.7-150.3-10.1-254,39.1 s-91.7-34.4-149.2,0C115.7,118.3,0,39.8,0,39.8V0h1000v36.5c0,0-28.2-18.5-92.1-18.5C810.2,18.1,775.7,67.3,734,67.3z\"\/>\n\t<path class=\"elementor-shape-fill\" d=\"M766.1,28.9c-200-57.5-266,65.5-395.1,19.5C242,1.8,242,5.4,184.8,20.6C128,35.8,132.3,44.9,89.9,52.5C28.6,63.7,0,0,0,0 h1000c0,0-9.9,40.9-83.6,48.1S829.6,47,766.1,28.9z\"\/>\n<\/svg>\t\t<\/div>\n\t\t\t\t\t<div class=\"elementor-container elementor-column-gap-wider\">\n\t\t\t\t\t<div class=\"elementor-column elementor-col-50 elementor-top-column elementor-element elementor-element-1da8df98\" data-id=\"1da8df98\" data-element_type=\"column\">\n\t\t\t<div class=\"elementor-widget-wrap elementor-element-populated\">\n\t\t\t\t\t\t\t\t<div class=\"elementor-element elementor-element-782a685 elementor-hidden-phone elementor-widget elementor-widget-spacer\" data-id=\"782a685\" data-element_type=\"widget\" data-widget_type=\"spacer.default\">\n\t\t\t\t<div class=\"elementor-widget-container\">\n\t\t\t\t\t<div class=\"elementor-spacer\">\n\t\t\t<div class=\"elementor-spacer-inner\"><\/div>\n\t\t<\/div>\n\t\t\t\t<\/div>\n\t\t\t\t<\/div>\n\t\t\t\t<div class=\"elementor-element elementor-element-319d6e7b elementor-widget elementor-widget-text-editor\" data-id=\"319d6e7b\" data-element_type=\"widget\" data-widget_type=\"text-editor.default\">\n\t\t\t\t<div class=\"elementor-widget-container\">\n\t\t\t\t\t<div class=\"elementor-text-editor elementor-clearfix\"><p><span class=\"highlight\">Opera Bites<\/span><\/p><\/div>\n\t\t\t\t<\/div>\n\t\t\t\t<\/div>\n\t\t\t\t<div class=\"elementor-element elementor-element-51128ff7 elementor-widget elementor-widget-spacer\" data-id=\"51128ff7\" data-element_type=\"widget\" data-widget_type=\"spacer.default\">\n\t\t\t\t<div class=\"elementor-widget-container\">\n\t\t\t\t\t<div class=\"elementor-spacer\">\n\t\t\t<div class=\"elementor-spacer-inner\"><\/div>\n\t\t<\/div>\n\t\t\t\t<\/div>\n\t\t\t\t<\/div>\n\t\t\t\t<div class=\"elementor-element elementor-element-2c84fae6 elementor-widget elementor-widget-heading\" data-id=\"2c84fae6\" data-element_type=\"widget\" data-widget_type=\"heading.default\">\n\t\t\t\t<div class=\"elementor-widget-container\">\n\t\t\t<h2 class=\"elementor-heading-title elementor-size-default\">OPERA, BWYD, AC AMBELL DRO YN Y GYNFFON!<\/h2>\t\t<\/div>\n\t\t\t\t<\/div>\n\t\t\t\t<div class=\"elementor-element elementor-element-09fc22a elementor-widget-divider--separator-type-pattern elementor-widget-divider--no-spacing elementor-widget-divider--view-line elementor-widget elementor-widget-divider\" data-id=\"09fc22a\" data-element_type=\"widget\" data-widget_type=\"divider.default\">\n\t\t\t\t<div class=\"elementor-widget-container\">\n\t\t\t\t\t<div class=\"elementor-divider\" style=\"--divider-pattern-url: url(&quot;data:image\/svg+xml,%3Csvg xmlns=&#039;http:\/\/www.w3.org\/2000\/svg&#039; preserveAspectRatio=&#039;xMidYMid meet&#039; overflow=&#039;visible&#039; height=&#039;100%&#039; viewBox=&#039;0 0 126 26&#039; fill=&#039;black&#039; stroke=&#039;none&#039;%3E%3Cpath d=&#039;M3,10.2c2.6,0,2.6,2,2.6,3.2S4.4,16.5,3,16.5s-3-1.4-3-3.2S0.4,10.2,3,10.2z M18.8,10.2c1.7,0,3.2,1.4,3.2,3.2s-1.4,3.2-3.2,3.2c-1.7,0-3.2-1.4-3.2-3.2S17,10.2,18.8,10.2z M34.6,10.2c1.5,0,2.6,1.4,2.6,3.2s-0.5,3.2-1.9,3.2c-1.5,0-3.4-1.4-3.4-3.2S33.1,10.2,34.6,10.2z M50.5,10.2c1.7,0,3.2,1.4,3.2,3.2s-1.4,3.2-3.2,3.2c-1.7,0-3.3-0.9-3.3-2.6S48.7,10.2,50.5,10.2z M66.2,10.2c1.5,0,3.4,1.4,3.4,3.2s-1.9,3.2-3.4,3.2c-1.5,0-2.6-0.4-2.6-2.1S64.8,10.2,66.2,10.2z M82.2,10.2c1.7,0.8,2.6,1.4,2.6,3.2s-0.1,3.2-1.6,3.2c-1.5,0-3.7-1.4-3.7-3.2S80.5,9.4,82.2,10.2zM98.6,10.2c1.5,0,2.6,0.4,2.6,2.1s-1.2,4.2-2.6,4.2c-1.5,0-3.7-0.4-3.7-2.1S97.1,10.2,98.6,10.2z M113.4,10.2c1.2,0,2.2,0.9,2.2,3.2s-0.1,3.2-1.3,3.2s-3.1-1.4-3.1-3.2S112.2,10.2,113.4,10.2z&#039;\/%3E%3C\/svg%3E&quot;);\">\n\t\t\t<span class=\"elementor-divider-separator\">\n\t\t\t\t\t\t<\/span>\n\t\t<\/div>\n\t\t\t\t<\/div>\n\t\t\t\t<\/div>\n\t\t\t\t<div class=\"elementor-element elementor-element-3ff93dc7 elementor-widget elementor-widget-text-editor\" data-id=\"3ff93dc7\" data-element_type=\"widget\" data-settings=\"{&quot;_animation&quot;:&quot;none&quot;}\" data-widget_type=\"text-editor.default\">\n\t\t\t\t<div class=\"elementor-widget-container\">\n\t\t\t\t\t<div class=\"elementor-text-editor elementor-clearfix\"><p><b>Mewn partneriaeth \u00e2 Bara Menyn, bydd eu bwydlen unigryw yn bodloni eich holl synhwyrau, rydym yn cyflwyno i chi beth o\u2019r repertoire mwyaf cyfarwydd ym myd yr Opera, a hynny mewn modd agos-atoch a phersonol, yn ogystal ag ambell syrpr\u00e9is ac elfennau annisgwyl. <\/b><\/p><p>\u00a0<\/p><p><b>Mae gennym 4 pecyn ar gael: <\/b><\/p><p>\u00a0<\/p><p><b>1. Y pecyn parti:<\/b> os ydych yn trefnu parti ac yn awyddus i gael rhywbeth mwy cofiadwy, neu bod eich cwmni\u2019n trefnu achlysur arbennig ac am gael noson llawn diwylliant, mae croeso i chi gysylltu i sgwrsio \u00e2 ni ynghylch eich anghenion penodol. Gallwn hyd yn oed eich helpu i ddod o hyd i\u2019r lleoliad delfrydol.<\/p><p>\u00a0<\/p><p><b>2. Y pecyn cymunedol:<\/b> os hoffech i Opera Bites ymweld \u00e2 lleoliad o fewn cymuned, cyn belled \u00e2 bod gennych ryw fath o gegin, neu stafell arall lle gallem ddod \u00e2\u2019n hoffer coginio, mae croeso i chi gysylltu \u00e2 ni.<\/p><p>\u00a0<\/p><p><b>3. Y pecyn corfforaethol:\u202f\u00a0<\/b>mae\u2019r pecynnau hyn yn dechrau o \u00a335 y pen. Cysylltwch am ragor o wybodaeth.<\/p><p>\u00a0<\/p><p><b>4. Y pecyn opera agos-atoch:\u202f<\/b>oes pen blwydd arbennig ar y gorwel, a chithau am ddathlu mewn modd ysblennydd yn eich cartref eich hun? Bydd Opera Bites yn cynllunio noswaith sy\u2019n unigryw i chi, wedi\u2019i theilwra\u2019n benodol i fodloni eich chwaeth o ran y gerddoriaeth a\u2019r bwyd.<\/p><p>Byddwn ni\u2019n darparu\u2019r bwyd, a\u2019r adloniant, a hwnnw wedi\u2019i gyflwyno gan rai o\u2019r lleisiau gorau yn y busnes. Gallwn goginio\u2019r bwyd yn eich cegin eich hun wrth i chi a\u2019ch gwesteion wrando ar beth o\u2019r repertoire gorau un. Cysylltwch am sgwrs anffurfiol a gofynnwch am bris. Rydym yn cynnig prisiau sy\u2019n dderbyniol i bawb.<\/p><p>\u00a0<\/p><p>Rydym yn cynnig prisiau sy\u2019n addas i bawb. felly peidiwch \u00e2 bod ag ofn gofyn.<\/p><\/div>\n\t\t\t\t<\/div>\n\t\t\t\t<\/div>\n\t\t\t\t<div class=\"elementor-element elementor-element-3ef8827 elementor-widget elementor-widget-spacer\" data-id=\"3ef8827\" data-element_type=\"widget\" data-widget_type=\"spacer.default\">\n\t\t\t\t<div class=\"elementor-widget-container\">\n\t\t\t\t\t<div class=\"elementor-spacer\">\n\t\t\t<div class=\"elementor-spacer-inner\"><\/div>\n\t\t<\/div>\n\t\t\t\t<\/div>\n\t\t\t\t<\/div>\n\t\t\t\t\t<\/div>\n\t\t<\/div>\n\t\t\t\t<div class=\"elementor-column elementor-col-50 elementor-top-column elementor-element elementor-element-9f8632b\" data-id=\"9f8632b\" data-element_type=\"column\">\n\t\t\t<div class=\"elementor-widget-wrap elementor-element-populated\">\n\t\t\t\t\t\t\t\t<div class=\"elementor-element elementor-element-1207120 elementor-widget elementor-widget-spacer\" data-id=\"1207120\" data-element_type=\"widget\" data-widget_type=\"spacer.default\">\n\t\t\t\t<div class=\"elementor-widget-container\">\n\t\t\t\t\t<div class=\"elementor-spacer\">\n\t\t\t<div class=\"elementor-spacer-inner\"><\/div>\n\t\t<\/div>\n\t\t\t\t<\/div>\n\t\t\t\t<\/div>\n\t\t\t\t<div class=\"elementor-element elementor-element-12d7f9d elementor-widget elementor-widget-image\" data-id=\"12d7f9d\" data-element_type=\"widget\" data-widget_type=\"image.default\">\n\t\t\t\t<div class=\"elementor-widget-container\">\n\t\t\t\t\t<div class=\"elementor-image\">\n\t\t\t\t\t\t\t\t\t\t<img width=\"533\" height=\"800\" src=\"https:\/\/leewayproductions.com\/wp-content\/uploads\/2018\/02\/16807659_1754799704848203_3281957418671446114_n.jpg\" class=\"attachment-large size-large\" alt=\"\" loading=\"lazy\" srcset=\"https:\/\/leewayproductions.com\/wp-content\/uploads\/2018\/02\/16807659_1754799704848203_3281957418671446114_n.jpg 533w, https:\/\/leewayproductions.com\/wp-content\/uploads\/2018\/02\/16807659_1754799704848203_3281957418671446114_n-200x300.jpg 200w, https:\/\/leewayproductions.com\/wp-content\/uploads\/2018\/02\/16807659_1754799704848203_3281957418671446114_n-97x146.jpg 97w, https:\/\/leewayproductions.com\/wp-content\/uploads\/2018\/02\/16807659_1754799704848203_3281957418671446114_n-33x50.jpg 33w, https:\/\/leewayproductions.com\/wp-content\/uploads\/2018\/02\/16807659_1754799704848203_3281957418671446114_n-50x75.jpg 50w\" sizes=\"(max-width: 533px) 100vw, 533px\" \/>\t\t\t\t\t\t\t\t\t\t\t<\/div>\n\t\t\t\t<\/div>\n\t\t\t\t<\/div>\n\t\t\t\t<div class=\"elementor-element elementor-element-80f0922 elementor-widget elementor-widget-spacer\" data-id=\"80f0922\" data-element_type=\"widget\" data-widget_type=\"spacer.default\">\n\t\t\t\t<div class=\"elementor-widget-container\">\n\t\t\t\t\t<div class=\"elementor-spacer\">\n\t\t\t<div class=\"elementor-spacer-inner\"><\/div>\n\t\t<\/div>\n\t\t\t\t<\/div>\n\t\t\t\t<\/div>\n\t\t\t\t<div class=\"elementor-element elementor-element-082c0a4 elementor-aspect-ratio-169 elementor-widget elementor-widget-video\" data-id=\"082c0a4\" data-element_type=\"widget\" data-settings=\"{&quot;youtube_url&quot;:&quot;https:\\\/\\\/youtu.be\\\/5MSM2X0DAO4&quot;,&quot;video_type&quot;:&quot;youtube&quot;,&quot;controls&quot;:&quot;yes&quot;,&quot;aspect_ratio&quot;:&quot;169&quot;}\" data-widget_type=\"video.default\">\n\t\t\t\t<div class=\"elementor-widget-container\">\n\t\t\t\t\t<div class=\"elementor-wrapper elementor-fit-aspect-ratio elementor-open-inline\">\n\t\t\t<div class=\"elementor-video\"><\/div>\t\t<\/div>\n\t\t\t\t<\/div>\n\t\t\t\t<\/div>\n\t\t\t\t<div class=\"elementor-element elementor-element-843cbb1 elementor-hidden-phone elementor-widget elementor-widget-spacer\" data-id=\"843cbb1\" data-element_type=\"widget\" data-widget_type=\"spacer.default\">\n\t\t\t\t<div class=\"elementor-widget-container\">\n\t\t\t\t\t<div class=\"elementor-spacer\">\n\t\t\t<div class=\"elementor-spacer-inner\"><\/div>\n\t\t<\/div>\n\t\t\t\t<\/div>\n\t\t\t\t<\/div>\n\t\t\t\t<div class=\"elementor-element elementor-element-7805c78 elementor-widget elementor-widget-image\" data-id=\"7805c78\" data-element_type=\"widget\" data-widget_type=\"image.default\">\n\t\t\t\t<div class=\"elementor-widget-container\">\n\t\t\t\t\t<div class=\"elementor-image\">\n\t\t\t\t\t\t\t\t\t\t<img width=\"759\" height=\"651\" src=\"https:\/\/leewayproductions.com\/wp-content\/uploads\/2018\/02\/IMG_5463_edited-1.jpg\" class=\"attachment-large size-large\" alt=\"\" loading=\"lazy\" srcset=\"https:\/\/leewayproductions.com\/wp-content\/uploads\/2018\/02\/IMG_5463_edited-1.jpg 759w, https:\/\/leewayproductions.com\/wp-content\/uploads\/2018\/02\/IMG_5463_edited-1-300x257.jpg 300w, https:\/\/leewayproductions.com\/wp-content\/uploads\/2018\/02\/IMG_5463_edited-1-170x146.jpg 170w, https:\/\/leewayproductions.com\/wp-content\/uploads\/2018\/02\/IMG_5463_edited-1-50x43.jpg 50w, https:\/\/leewayproductions.com\/wp-content\/uploads\/2018\/02\/IMG_5463_edited-1-87x75.jpg 87w\" sizes=\"(max-width: 759px) 100vw, 759px\" \/>\t\t\t\t\t\t\t\t\t\t\t<\/div>\n\t\t\t\t<\/div>\n\t\t\t\t<\/div>\n\t\t\t\t<div class=\"elementor-element elementor-element-dbf1f6e elementor-widget elementor-widget-spacer\" data-id=\"dbf1f6e\" data-element_type=\"widget\" data-widget_type=\"spacer.default\">\n\t\t\t\t<div class=\"elementor-widget-container\">\n\t\t\t\t\t<div class=\"elementor-spacer\">\n\t\t\t<div class=\"elementor-spacer-inner\"><\/div>\n\t\t<\/div>\n\t\t\t\t<\/div>\n\t\t\t\t<\/div>\n\t\t\t\t\t<\/div>\n\t\t<\/div>\n\t\t\t\t\t\t\t<\/div>\n\t\t<\/section>\n\t\t\t\t\t\t<\/div>\n\t\t\t\t\t<\/div>","protected":false},"excerpt":{"rendered":"<p>Opera Bites Opera, nosh, as well as a few added twists and turns! In partnership with Bara Menyn, whose bespoke menu will leave your senses satisfied, we bring you some of the most famous repertoire in Opera, up close and personal, as well as a few added twists and turns and surprises. \u00a0 We have &hellip;<\/p>\n<p class=\"read-more\"> <a class=\"\" href=\"https:\/\/leewayproductions.com\/cy\/opera-bites\/\"> <span class=\"screen-reader-text\">Opera Bites<\/span> Read More &raquo;<\/a><\/p>","protected":false},"author":3,"featured_media":2421,"parent":0,"menu_order":0,"comment_status":"closed","ping_status":"closed","template":"","meta":[],"categories":[18],"tags":[],"yoast_head":"<!-- This site is optimized with the Yoast SEO plugin v17.4 - https:\/\/yoast.com\/wordpress\/plugins\/seo\/ -->\n<title>Opera Bites - Leeway Productions<\/title>\n<meta name=\"robots\" content=\"index, follow, max-snippet:-1, max-image-preview:large, max-video-preview:-1\" \/>\n<link rel=\"canonical\" href=\"https:\/\/leewayproductions.com\/cy\/opera-bites\/\" \/>\n<meta property=\"og:locale\" content=\"en_US\" \/>\n<meta property=\"og:type\" content=\"article\" \/>\n<meta property=\"og:title\" content=\"Opera Bites - Leeway Productions\" \/>\n<meta property=\"og:description\" content=\"Opera Bites Opera, nosh, as well as a few added twists and turns! In partnership with Bara Menyn, whose bespoke menu will leave your senses satisfied, we bring you some of the most famous repertoire in Opera, up close and personal, as well as a few added twists and turns and surprises. \u00a0 We have &hellip; Opera Bites Read More &raquo;\" \/>\n<meta property=\"og:url\" content=\"https:\/\/leewayproductions.com\/cy\/opera-bites\/\" \/>\n<meta property=\"og:site_name\" content=\"Leeway Productions\" \/>\n<meta property=\"article:publisher\" content=\"https:\/\/www.facebook.com\/LeewayProductionsLtd\" \/>\n<meta property=\"article:modified_time\" content=\"2021-05-03T14:53:55+00:00\" \/>\n<meta property=\"og:image\" content=\"https:\/\/leewayproductions.com\/wp-content\/uploads\/2018\/02\/16807659_1754799704848203_3281957418671446114_n.jpg\" \/>\n\t<meta property=\"og:image:width\" content=\"533\" \/>\n\t<meta property=\"og:image:height\" content=\"800\" \/>\n<meta name=\"twitter:card\" content=\"summary_large_image\" \/>\n<meta name=\"twitter:site\" content=\"@leewayprods\" \/>\n<meta name=\"twitter:label1\" content=\"Est. reading time\" \/>\n\t<meta name=\"twitter:data1\" content=\"1 munud\" \/>\n<script type=\"application\/ld+json\" class=\"yoast-schema-graph\">{\"@context\":\"https:\/\/schema.org\",\"@graph\":[{\"@type\":\"WebSite\",\"@id\":\"https:\/\/leewayproductions.com\/#website\",\"url\":\"https:\/\/leewayproductions.com\/\",\"name\":\"Leeway Productions\",\"description\":\"\",\"potentialAction\":[{\"@type\":\"SearchAction\",\"target\":{\"@type\":\"EntryPoint\",\"urlTemplate\":\"https:\/\/leewayproductions.com\/?s={search_term_string}\"},\"query-input\":\"required name=search_term_string\"}],\"inLanguage\":\"cy\"},{\"@type\":\"ImageObject\",\"@id\":\"https:\/\/leewayproductions.com\/cy\/opera-bites\/#primaryimage\",\"inLanguage\":\"cy\",\"url\":\"https:\/\/leewayproductions.com\/wp-content\/uploads\/2018\/02\/16807659_1754799704848203_3281957418671446114_n.jpg\",\"contentUrl\":\"https:\/\/leewayproductions.com\/wp-content\/uploads\/2018\/02\/16807659_1754799704848203_3281957418671446114_n.jpg\",\"width\":533,\"height\":800},{\"@type\":\"WebPage\",\"@id\":\"https:\/\/leewayproductions.com\/cy\/opera-bites\/#webpage\",\"url\":\"https:\/\/leewayproductions.com\/cy\/opera-bites\/\",\"name\":\"Opera Bites - Leeway Productions\",\"isPartOf\":{\"@id\":\"https:\/\/leewayproductions.com\/#website\"},\"primaryImageOfPage\":{\"@id\":\"https:\/\/leewayproductions.com\/cy\/opera-bites\/#primaryimage\"},\"datePublished\":\"2021-03-25T11:12:45+00:00\",\"dateModified\":\"2021-05-03T14:53:55+00:00\",\"breadcrumb\":{\"@id\":\"https:\/\/leewayproductions.com\/cy\/opera-bites\/#breadcrumb\"},\"inLanguage\":\"cy\",\"potentialAction\":[{\"@type\":\"ReadAction\",\"target\":[\"https:\/\/leewayproductions.com\/cy\/opera-bites\/\"]}]},{\"@type\":\"BreadcrumbList\",\"@id\":\"https:\/\/leewayproductions.com\/cy\/opera-bites\/#breadcrumb\",\"itemListElement\":[{\"@type\":\"ListItem\",\"position\":1,\"name\":\"Home\",\"item\":\"https:\/\/leewayproductions.com\/\"},{\"@type\":\"ListItem\",\"position\":2,\"name\":\"Opera Bites\"}]}]}<\/script>\n<!-- \/ Yoast SEO plugin. -->","yoast_head_json":{"title":"Opera Bites - Leeway Productions","robots":{"index":"index","follow":"follow","max-snippet":"max-snippet:-1","max-image-preview":"max-image-preview:large","max-video-preview":"max-video-preview:-1"},"canonical":"https:\/\/leewayproductions.com\/cy\/opera-bites\/","og_locale":"en_US","og_type":"article","og_title":"Opera Bites - Leeway Productions","og_description":"Opera Bites Opera, nosh, as well as a few added twists and turns! In partnership with Bara Menyn, whose bespoke menu will leave your senses satisfied, we bring you some of the most famous repertoire in Opera, up close and personal, as well as a few added twists and turns and surprises. \u00a0 We have &hellip; Opera Bites Read More &raquo;","og_url":"https:\/\/leewayproductions.com\/cy\/opera-bites\/","og_site_name":"Leeway Productions","article_publisher":"https:\/\/www.facebook.com\/LeewayProductionsLtd","article_modified_time":"2021-05-03T14:53:55+00:00","og_image":[{"width":533,"height":800,"url":"https:\/\/leewayproductions.com\/wp-content\/uploads\/2018\/02\/16807659_1754799704848203_3281957418671446114_n.jpg","type":"image\/jpeg"}],"twitter_card":"summary_large_image","twitter_site":"@leewayprods","twitter_misc":{"Est. reading time":"1 munud"},"schema":{"@context":"https:\/\/schema.org","@graph":[{"@type":"WebSite","@id":"https:\/\/leewayproductions.com\/#website","url":"https:\/\/leewayproductions.com\/","name":"Leeway Productions","description":"","potentialAction":[{"@type":"SearchAction","target":{"@type":"EntryPoint","urlTemplate":"https:\/\/leewayproductions.com\/?s={search_term_string}"},"query-input":"required name=search_term_string"}],"inLanguage":"cy"},{"@type":"ImageObject","@id":"https:\/\/leewayproductions.com\/cy\/opera-bites\/#primaryimage","inLanguage":"cy","url":"https:\/\/leewayproductions.com\/wp-content\/uploads\/2018\/02\/16807659_1754799704848203_3281957418671446114_n.jpg","contentUrl":"https:\/\/leewayproductions.com\/wp-content\/uploads\/2018\/02\/16807659_1754799704848203_3281957418671446114_n.jpg","width":533,"height":800},{"@type":"WebPage","@id":"https:\/\/leewayproductions.com\/cy\/opera-bites\/#webpage","url":"https:\/\/leewayproductions.com\/cy\/opera-bites\/","name":"Opera Bites - Leeway Productions","isPartOf":{"@id":"https:\/\/leewayproductions.com\/#website"},"primaryImageOfPage":{"@id":"https:\/\/leewayproductions.com\/cy\/opera-bites\/#primaryimage"},"datePublished":"2021-03-25T11:12:45+00:00","dateModified":"2021-05-03T14:53:55+00:00","breadcrumb":{"@id":"https:\/\/leewayproductions.com\/cy\/opera-bites\/#breadcrumb"},"inLanguage":"cy","potentialAction":[{"@type":"ReadAction","target":["https:\/\/leewayproductions.com\/cy\/opera-bites\/"]}]},{"@type":"BreadcrumbList","@id":"https:\/\/leewayproductions.com\/cy\/opera-bites\/#breadcrumb","itemListElement":[{"@type":"ListItem","position":1,"name":"Home","item":"https:\/\/leewayproductions.com\/"},{"@type":"ListItem","position":2,"name":"Opera Bites"}]}]}},"_links":{"self":[{"href":"https:\/\/leewayproductions.com\/cy\/wp-json\/wp\/v2\/pages\/4946"}],"collection":[{"href":"https:\/\/leewayproductions.com\/cy\/wp-json\/wp\/v2\/pages"}],"about":[{"href":"https:\/\/leewayproductions.com\/cy\/wp-json\/wp\/v2\/types\/page"}],"author":[{"embeddable":true,"href":"https:\/\/leewayproductions.com\/cy\/wp-json\/wp\/v2\/users\/3"}],"replies":[{"embeddable":true,"href":"https:\/\/leewayproductions.com\/cy\/wp-json\/wp\/v2\/comments?post=4946"}],"version-history":[{"count":32,"href":"https:\/\/leewayproductions.com\/cy\/wp-json\/wp\/v2\/pages\/4946\/revisions"}],"predecessor-version":[{"id":7455,"href":"https:\/\/leewayproductions.com\/cy\/wp-json\/wp\/v2\/pages\/4946\/revisions\/7455"}],"wp:featuredmedia":[{"embeddable":true,"href":"https:\/\/leewayproductions.com\/cy\/wp-json\/wp\/v2\/media\/2421"}],"wp:attachment":[{"href":"https:\/\/leewayproductions.com\/cy\/wp-json\/wp\/v2\/media?parent=4946"}],"wp:term":[{"taxonomy":"category","embeddable":true,"href":"https:\/\/leewayproductions.com\/cy\/wp-json\/wp\/v2\/categories?post=4946"},{"taxonomy":"post_tag","embeddable":true,"href":"https:\/\/leewayproductions.com\/cy\/wp-json\/wp\/v2\/tags?post=4946"}],"curies":[{"name":"wp","href":"https:\/\/api.w.org\/{rel}","templated":true}]}}